{"id":30,"date":"2020-10-15T10:14:36","date_gmt":"2020-10-15T10:14:36","guid":{"rendered":"https:\/\/aloegelly.nl\/?page_id=30"},"modified":"2020-10-15T10:14:38","modified_gmt":"2020-10-15T10:14:38","slug":"aloe-vera-producten-van-ecolife-puur-en-eerlijke-aloe-vera-voedingskwaliteit","status":"publish","type":"page","link":"https:\/\/aloegelly.nl\/index.php\/aloe-vera-producten-van-ecolife-puur-en-eerlijke-aloe-vera-voedingskwaliteit\/","title":{"rendered":"Aloe Vera Producten van Ecolife"},"content":{"rendered":"\n<p>Aloe vera producten van Ecolife. Ecolife maakt diverse producten op basis van echte en zuivere alo\u00ebgelei. Wij gebruiken geen alo\u00eb vera poeders of alo\u00eb concentraten. Enkel vers en koud geperste of gehakselde aloegel.<\/p>\n\n\n\n<h2 class=\"wp-block-heading\" id=\"h-ecolife-aloe-vera-gel-juice-huidverzorging\">Ecolife Aloe Vera \u2013 Gel \u2013 juice &amp; huidverzorging<\/h2>\n\n\n\n<p>Alle Ecolife aloe vera producten worden gemaakt uit pure en onverdunde voedingskwaliteit alo\u00eb vera. Ook de verzorgingsproducten! Met name voor de huidverzorgingsproducten is dit een complex proces omdat echt verse foodgrade aloe vera niet over koolfilters gefiltreerd wordt, niet gekookt wordt en niet chemisch behandeld wordt.<\/p>\n\n\n\n<figure class=\"wp-block-image size-full is-resized\"><img loading=\"lazy\" decoding=\"async\" src=\"https:\/\/aloegelly.nl\/wp-content\/uploads\/2020\/10\/aloe-vera-gel-ecolife-plantage.jpg\" alt=\"aloe vera biologische velden voor Ecolife. Puur en eerlijk.\" class=\"wp-image-31\" width=\"498\" height=\"326\" srcset=\"https:\/\/aloegelly.nl\/wp-content\/uploads\/2020\/10\/aloe-vera-gel-ecolife-plantage.jpg 498w, https:\/\/aloegelly.nl\/wp-content\/uploads\/2020\/10\/aloe-vera-gel-ecolife-plantage-300x196.jpg 300w\" sizes=\"auto, (max-width: 498px) 100vw, 498px\" \/><\/figure>\n\n\n\n<h4 class=\"wp-block-heading\">Food Grade aloe vera bevat een veel hoger aandeel aan effectieve ingredi\u00ebnten.<br>Het wordt niet of veel minder gefiltreerd dan Cosmetic Grade aloe wat bijna alle merken gebruiken in aloevera huidverzorgingsproducten en cosmetica.<\/h4>\n\n\n\n<p>Omdat Ecolife producten worden gemaakt van met de hand afgesneden volwassen aloevera bladeren ( 4-5 jr), de plant groeit door en wordt niet gerooid. Natuurlijk zijn de plantages biologisch gecontroleerd en gekeurd en IASC goedgekeurd. IASC is een keuringsvereniging van alo\u00eb vera\u00a0telers en aanverwante bedrijven. Ook is de alo\u00eb Vegan, Kosher en Halal en wordt NIET getest op dieren!<\/p>\n\n\n\n<h3 class=\"wp-block-heading\" id=\"h-daarom-testen-we-extra-lang-verse-alo-vera-met-zekerheid\">Daarom testen we extra lang! Verse Alo\u00eb vera met zekerheid!<\/h3>\n\n\n\n<p>Ecolife producten worden maar liefst 17 dagen lang getest om te kunnen garanderen dat de producten vrij zijn van verontreiniging. <br>Getest wordt op bacterie\u00ebn, sporen, gisten etc. Bij \u201cgewone alo\u00eb vera\u201d is dit vaak maar 96 uur (de minimale standaard) omdat de alo\u00eb vera meestal lang gekookt en gefiltreerd is\u2026<\/p>\n\n\n\n<p>Dit proces van werkelijk ongebleekte verse alo\u00eb vera maakt de Ecolife producten wat duurder, maar ook beter van kwaliteit met een hoger aandeel aloe solids. Voor de beste Aloe Vera! <strong>Met Ecolife koopt u Premium kwaliteit!<\/strong><\/p>\n\n\n\n<p>Om te voldoen aan hoge kwaliteitseisen, heeft STS voor Ecolife procedures opgesteld volgens de vereisten van HACCP. De kwaliteitsgarantie wordt bereikt door de ingekochte ingredi\u00ebnten systematisch te keuren om na te gaan of ze overeenstemmen met alle opgelegde standaard. STS verlangt van al haar leveranciers dat zij voldoen aan de door ons opgelegde kwaliteitseisen betreffende de temperatuur bewaking, kwaliteitsstandaard, hygi\u00ebne, verantwoorde niet chemische bemesting, natuurlijke kweek, verpakking en vervoer.<\/p>\n\n\n\n<p>Wilt u ook kennismaken met de voordelen van een Premium Aloe Vera? Neem dan een kijkje in onze webshop!<\/p>\n\n\n\n<h3 class=\"wp-block-heading\"><a href=\"Https:\/\/www.ecolife-shop.nl\">Https:\/\/www.ecolife-shop.nl<\/a><\/h3>\n\n\n\n<p>Omdat u natuurlijk een goed en gezond product wilt. Daarom kiezen velen voor Alo\u00eb producten van Ecolife!<\/p>\n\n\n\n<h2 class=\"wp-block-heading\">Waarom Ecolife aloe vera? Ecolife aloe vera is zoals het uit de natuur komt. Wij dikken niet in! ( dus geen sorbitol toevoeging enz). Geen verdunning. Niet gebleekt. Niet ontkleurt. Ook gebruiken wij GEEN koolfilters!<\/h2>\n\n\n\n<h4 class=\"wp-block-heading\" id=\"h-private-label-retailer-of-groothandel-mail-ons\"><strong>Private label \u2013 retailer of groothandel? mail ons!<\/strong><\/h4>\n\n\n\n<h2 class=\"wp-block-heading\" id=\"h-mailto-sales-ecolife-nl\"><a href=\"mailto: sales@ecolife.nl\">mailto: sales@ecolife.nl<\/a><\/h2>\n\n\n\n<p>Ook voor de groothandel, productontwikkeling en export kunt u gebruik maken van onze expertise. Eerste kwaliteit aloe vera producten. Ecolife onderscheidt zich door hoger gekwalificeerde producten en overtreft de standaard altijd.<\/p>\n\n\n\n<p>STS Health Supplies BV exporteert al vele jaren aloe vera naar diverse Europese landen waar de producten onder private label worden verkocht in apotheken, drogisterijen, supermarkten en health shops.<\/p>\n\n\n\n<figure class=\"wp-block-image size-full\"><img loading=\"lazy\" decoding=\"async\" width=\"557\" height=\"800\" src=\"https:\/\/aloegelly.nl\/wp-content\/uploads\/2020\/10\/aloe-vera-ecolife-blad-gel-plantage.jpg\" alt=\"Ecolife aloe vera teelt. Biologisch. Met de hand. En eerlijk loon voor de boeren.\" class=\"wp-image-32\" srcset=\"https:\/\/aloegelly.nl\/wp-content\/uploads\/2020\/10\/aloe-vera-ecolife-blad-gel-plantage.jpg 557w, https:\/\/aloegelly.nl\/wp-content\/uploads\/2020\/10\/aloe-vera-ecolife-blad-gel-plantage-209x300.jpg 209w\" sizes=\"auto, (max-width: 557px) 100vw, 557px\" \/><figcaption>Biologische alo\u00eb vera velden voor Ecolife producten<\/figcaption><\/figure>\n\n\n\n<h2 class=\"wp-block-heading\"><a href=\"https:\/\/www.ecolife.nl\/aloe-vera-juice\/\">Aloe Vera Drink<\/a><\/h2>\n\n\n\n<p>Ecolife \u2013 Premium Aloe Vera Drink \u2013 Aloe Juice extra sterk. Geen sorbitol, geen suikers, geen verdikkers geen kleur en geen smaakstoffen toegevoegd. Al meer dan 20 jaar tevreden gebruikers! Ecolife = natuurlijke kwaliteit! Juice: met kleine fijne stukjes en vezels, zo puur drinken of makkelijk te mengen met andere fruitsappen. Wij gebruiken ruim 2 \u2026 <a href=\"https:\/\/www.ecolife.nl\/aloe-vera-juice\/\">Continue reading Aloe Vera Drink<\/a><a href=\"https:\/\/www.ecolife.nl\"> ecolife<\/a><\/p>\n\n\n\n<p>U vindt ons ook op Facebook:<\/p>\n\n\n\n<p><a href=\"https:\/\/www.facebook.com\/EcolifeLuvico\">https:\/\/www.facebook.com\/EcolifeLuvico<\/a><\/p>\n\n\n\n<figure class=\"wp-block-embed-wordpress wp-block-embed is-type-wp-embed is-provider-aloegelly-aloe-vera\"><div class=\"wp-block-embed__wrapper\">\n<blockquote class=\"wp-embedded-content\" data-secret=\"AmiIeaINGo\"><a href=\"https:\/\/aloegelly.nl\/index.php\/bio-aloe-vera-juice-ecolife-aloe-vera\/\">Bio Aloe Vera Juice Ecolife Aloe vera<\/a><\/blockquote><iframe loading=\"lazy\" class=\"wp-embedded-content\" sandbox=\"allow-scripts\" security=\"restricted\" style=\"position: absolute; clip: rect(1px, 1px, 1px, 1px);\" title=\"&#8220;Bio Aloe Vera Juice Ecolife Aloe vera&#8221; &#8212; Aloegelly Aloe vera\" src=\"https:\/\/aloegelly.nl\/index.php\/bio-aloe-vera-juice-ecolife-aloe-vera\/embed\/#?secret=YQ8iCdJwaP#?secret=AmiIeaINGo\" data-secret=\"AmiIeaINGo\" width=\"500\" height=\"282\" frameborder=\"0\" marginwidth=\"0\" marginheight=\"0\" scrolling=\"no\"><\/iframe>\n<\/div><\/figure>\n\n\n\n<figure class=\"wp-block-embed-wordpress wp-block-embed is-type-wp-embed is-provider-aloegelly-aloe-vera\"><div class=\"wp-block-embed__wrapper\">\n<blockquote class=\"wp-embedded-content\" data-secret=\"kK1l9HROnx\"><a href=\"https:\/\/aloegelly.nl\/index.php\/wie-wij-zijn-leer-ons-kennen-ecolife-producten-sts-health-supplies-aloe-vera-huidgel-gelly-private-label-eigen-producten-aloe-vera-juice-aloe-vera-sap-huidgel-van-bio-aloe\/\">Wie wij zijn- leer ons kennen<\/a><\/blockquote><iframe loading=\"lazy\" class=\"wp-embedded-content\" sandbox=\"allow-scripts\" security=\"restricted\" style=\"position: absolute; clip: rect(1px, 1px, 1px, 1px);\" title=\"&#8220;Wie wij zijn- leer ons kennen&#8221; &#8212; Aloegelly Aloe vera\" src=\"https:\/\/aloegelly.nl\/index.php\/wie-wij-zijn-leer-ons-kennen-ecolife-producten-sts-health-supplies-aloe-vera-huidgel-gelly-private-label-eigen-producten-aloe-vera-juice-aloe-vera-sap-huidgel-van-bio-aloe\/embed\/#?secret=Ytx6u0Ntd1#?secret=kK1l9HROnx\" data-secret=\"kK1l9HROnx\" width=\"500\" height=\"282\" frameborder=\"0\" marginwidth=\"0\" marginheight=\"0\" scrolling=\"no\"><\/iframe>\n<\/div><\/figure>\n\n\n\n<p>Kies voor een goed en betrouwbaar Alo\u00eb product. Omdat er geen offici\u00eble standaard is is het lezen van het etiket belangrijk.<\/p>\n\n\n\n<p>Nu staat lang niet alles op een etiket maar vaak kunt u wel zien of het product water bevat of is gemaakt uit alo\u00eb concentraten.<\/p>\n\n\n\n<p>Maar als u echt zeker wilt zijn of een product goed is zoekt u naar klanten reviews. Dit zegt natuurlijk niet alles maar geeft u wel een duidelijk beeld. Is het bedrijf betrouwbaar? Zijn de gebruikers tevreden? Hoe zijn de producten?<\/p>\n\n\n\n<p>Hier vindt u de klantwaardering voor Ecolife:<\/p>\n\n\n\n<p><a href=\"https:\/\/www.kiyoh.com\/reviews\/1044077\/sts_aloe_vera_products_en_health_supplies_bv\">https:\/\/www.kiyoh.com\/reviews\/1044077\/sts_aloe_vera_products_en_health_supplies_bv<\/a><\/p>\n\n\n\n<figure class=\"wp-block-image size-large\"><a href=\"https:\/\/www.kiyoh.com\/reviews\/1044077\/sts_aloe_vera_products_en_health_supplies_bv\"><img loading=\"lazy\" decoding=\"async\" width=\"400\" height=\"135\" src=\"https:\/\/aloegelly.nl\/wp-content\/uploads\/2020\/10\/keurmerk.png\" alt=\"Ecolife aloe vera klant waardering. Review. Kyoh. Webshop keurmerk\" class=\"wp-image-35\" srcset=\"https:\/\/aloegelly.nl\/wp-content\/uploads\/2020\/10\/keurmerk.png 400w, https:\/\/aloegelly.nl\/wp-content\/uploads\/2020\/10\/keurmerk-300x101.png 300w\" sizes=\"auto, (max-width: 400px) 100vw, 400px\" \/><\/a><\/figure>\n\n\n\n<p>Klanten waarderen ons met een 9 +<\/p>\n\n\n\n<p>Omdat eerlijkheid het langst duurt! Ecolife levert al 21 jaar top producten.<\/p>\n\n\n\n<p>Kies nu een product en koop het nu met extra korting. In de webshop staan diverse alo\u00eb producten met een extra gratis product.<\/p>\n\n\n\n<p>Doordat wij altijd met echte vers geperste alo\u00eb weren krijgt u altijd een Premium top product.<\/p>\n\n\n\n<p>Zoals u kunt zien aan de klantwaardering doen wij onze uiterste best om u van een goed product te voorzien.<\/p>\n\n\n\n<p>Snelle levering met post.nl met een handtekening.<\/p>\n\n\n\n<p>Ook naar Belgi\u00eb, Frankrijk en Duitsland. Alle leveringen gaan via post.nl<\/p>\n\n\n\n<p>Probeer het nu en laat u overtuigen door de kwaliteit!<\/p>\n\n\n\n<p>Vanaf 50 euro leveren wij snel en gratis aan u.<\/p>\n\n\n\n<p>Maar niet alles is gratis \ud83d\ude42 <\/p>\n\n\n\n<figure class=\"wp-block-image size-large\"><a href=\"https:\/\/www.ecolife-shop.nl\"><img loading=\"lazy\" decoding=\"async\" width=\"1024\" height=\"256\" src=\"https:\/\/aloegelly.nl\/wp-content\/uploads\/2020\/10\/ecolife-header-aloe-vera-1024x256.jpg\" alt=\"Ecolife webshop aloe vera premium koud geperst 100% eerlijk\" class=\"wp-image-36\" srcset=\"https:\/\/aloegelly.nl\/wp-content\/uploads\/2020\/10\/ecolife-header-aloe-vera-1024x256.jpg 1024w, https:\/\/aloegelly.nl\/wp-content\/uploads\/2020\/10\/ecolife-header-aloe-vera-300x75.jpg 300w, https:\/\/aloegelly.nl\/wp-content\/uploads\/2020\/10\/ecolife-header-aloe-vera-768x192.jpg 768w, https:\/\/aloegelly.nl\/wp-content\/uploads\/2020\/10\/ecolife-header-aloe-vera-1536x384.jpg 1536w, https:\/\/aloegelly.nl\/wp-content\/uploads\/2020\/10\/ecolife-header-aloe-vera.jpg 2000w\" sizes=\"auto, (max-width: 1024px) 100vw, 1024px\" \/><\/a><\/figure>\n\n\n\n<p><\/p>\n","protected":false},"excerpt":{"rendered":"<p>Aloe vera producten van Ecolife. Ecolife maakt diverse producten op basis van echte en zuivere alo\u00ebgelei. Wij gebruiken geen alo\u00eb vera poeders of alo\u00eb concentraten. Enkel vers en koud geperste of gehakselde aloegel. Ecolife Aloe Vera \u2013 Gel \u2013 juice &amp; huidverzorging Alle Ecolife aloe vera producten worden gemaakt uit pure en onverdunde voedingskwaliteit alo\u00eb [&hellip;]<\/p>\n","protected":false},"author":1,"featured_media":0,"parent":0,"menu_order":0,"comment_status":"closed","ping_status":"closed","template":"","meta":{"site-sidebar-layout":"default","site-content-layout":"default","ast-site-content-layout":"default","site-content-style":"default","site-sidebar-style":"default","ast-global-header-display":"","ast-banner-title-visibility":"","ast-main-header-display":"","ast-hfb-above-header-display":"","ast-hfb-below-header-display":"","ast-hfb-mobile-header-display":"","site-post-title":"","ast-breadcrumbs-content":"","ast-featured-img":"","footer-sml-layout":"","ast-disable-related-posts":"","theme-transparent-header-meta":"default","adv-header-id-meta":"","stick-header-meta":"","header-above-stick-meta":"","header-main-stick-meta":"","header-below-stick-meta":"","astra-migrate-meta-layouts":"default","ast-page-background-enabled":"default","ast-page-background-meta":{"desktop":{"background-color":"","background-image":"","background-repeat":"repeat","background-position":"center center","background-size":"auto","background-attachment":"scroll","background-type":"","background-media":"","overlay-type":"","overlay-color":"","overlay-opacity":"","overlay-gradient":""},"tablet":{"background-color":"","background-image":"","background-repeat":"repeat","background-position":"center center","background-size":"auto","background-attachment":"scroll","background-type":"","background-media":"","overlay-type":"","overlay-color":"","overlay-opacity":"","overlay-gradient":""},"mobile":{"background-color":"","background-image":"","background-repeat":"repeat","background-position":"center center","background-size":"auto","background-attachment":"scroll","background-type":"","background-media":"","overlay-type":"","overlay-color":"","overlay-opacity":"","overlay-gradient":""}},"ast-content-background-meta":{"desktop":{"background-color":"var(--ast-global-color-5)","background-image":"","background-repeat":"repeat","background-position":"center center","background-size":"auto","background-attachment":"scroll","background-type":"","background-media":"","overlay-type":"","overlay-color":"","overlay-opacity":"","overlay-gradient":""},"tablet":{"background-color":"var(--ast-global-color-5)","background-image":"","background-repeat":"repeat","background-position":"center center","background-size":"auto","background-attachment":"scroll","background-type":"","background-media":"","overlay-type":"","overlay-color":"","overlay-opacity":"","overlay-gradient":""},"mobile":{"background-color":"var(--ast-global-color-5)","background-image":"","background-repeat":"repeat","background-position":"center center","background-size":"auto","background-attachment":"scroll","background-type":"","background-media":"","overlay-type":"","overlay-color":"","overlay-opacity":"","overlay-gradient":""}},"footnotes":""},"class_list":["post-30","page","type-page","status-publish","hentry"],"yoast_head":"<!-- This site is optimized with the Yoast SEO plugin v27.5 - https:\/\/yoast.com\/product\/yoast-seo-wordpress\/ -->\n<title>Aloe Vera Producten van Ecolife - Aloegelly Aloe vera<\/title>\n<meta name=\"description\" content=\"aloe vera producten van Ecolife - puur en eerlijke alo\u00eb vera. Voedingskwaliteit. 1e koude persing van bio alo\u00eb vera. In alle producten.\" \/>\n<meta name=\"robots\" content=\"index, follow, max-snippet:-1, max-image-preview:large, max-video-preview:-1\" \/>\n<link rel=\"canonical\" href=\"https:\/\/aloegelly.nl\/index.php\/aloe-vera-producten-van-ecolife-puur-en-eerlijke-aloe-vera-voedingskwaliteit\/\" \/>\n<meta property=\"og:locale\" content=\"nl_NL\" \/>\n<meta property=\"og:type\" content=\"article\" \/>\n<meta property=\"og:title\" content=\"Aloe Vera Producten van Ecolife - Aloegelly Aloe vera\" \/>\n<meta property=\"og:description\" content=\"aloe vera producten van Ecolife - puur en eerlijke alo\u00eb vera. Voedingskwaliteit. 1e koude persing van bio alo\u00eb vera. In alle producten.\" \/>\n<meta property=\"og:url\" content=\"https:\/\/aloegelly.nl\/index.php\/aloe-vera-producten-van-ecolife-puur-en-eerlijke-aloe-vera-voedingskwaliteit\/\" \/>\n<meta property=\"og:site_name\" content=\"Aloegelly Aloe vera\" \/>\n<meta property=\"article:publisher\" content=\"https:\/\/www.facebook.com\/EcolifeLuvico\" \/>\n<meta property=\"article:modified_time\" content=\"2020-10-15T10:14:38+00:00\" \/>\n<meta property=\"og:image\" content=\"https:\/\/aloegelly.nl\/wp-content\/uploads\/2020\/10\/aloe-vera-gel-ecolife-plantage.jpg\" \/>\n<meta name=\"twitter:card\" content=\"summary_large_image\" \/>\n<meta name=\"twitter:label1\" content=\"Geschatte leestijd\" \/>\n\t<meta name=\"twitter:data1\" content=\"4 minuten\" \/>\n<script type=\"application\/ld+json\" class=\"yoast-schema-graph\">{\"@context\":\"https:\\\/\\\/schema.org\",\"@graph\":[{\"@type\":\"WebPage\",\"@id\":\"https:\\\/\\\/aloegelly.nl\\\/index.php\\\/aloe-vera-producten-van-ecolife-puur-en-eerlijke-aloe-vera-voedingskwaliteit\\\/\",\"url\":\"https:\\\/\\\/aloegelly.nl\\\/index.php\\\/aloe-vera-producten-van-ecolife-puur-en-eerlijke-aloe-vera-voedingskwaliteit\\\/\",\"name\":\"Aloe Vera Producten van Ecolife - Aloegelly Aloe vera\",\"isPartOf\":{\"@id\":\"https:\\\/\\\/aloegelly.nl\\\/#website\"},\"primaryImageOfPage\":{\"@id\":\"https:\\\/\\\/aloegelly.nl\\\/index.php\\\/aloe-vera-producten-van-ecolife-puur-en-eerlijke-aloe-vera-voedingskwaliteit\\\/#primaryimage\"},\"image\":{\"@id\":\"https:\\\/\\\/aloegelly.nl\\\/index.php\\\/aloe-vera-producten-van-ecolife-puur-en-eerlijke-aloe-vera-voedingskwaliteit\\\/#primaryimage\"},\"thumbnailUrl\":\"https:\\\/\\\/aloegelly.nl\\\/wp-content\\\/uploads\\\/2020\\\/10\\\/aloe-vera-gel-ecolife-plantage.jpg\",\"datePublished\":\"2020-10-15T10:14:36+00:00\",\"dateModified\":\"2020-10-15T10:14:38+00:00\",\"description\":\"aloe vera producten van Ecolife - puur en eerlijke alo\u00eb vera. Voedingskwaliteit. 1e koude persing van bio alo\u00eb vera. In alle producten.\",\"breadcrumb\":{\"@id\":\"https:\\\/\\\/aloegelly.nl\\\/index.php\\\/aloe-vera-producten-van-ecolife-puur-en-eerlijke-aloe-vera-voedingskwaliteit\\\/#breadcrumb\"},\"inLanguage\":\"nl-NL\",\"potentialAction\":[{\"@type\":\"ReadAction\",\"target\":[\"https:\\\/\\\/aloegelly.nl\\\/index.php\\\/aloe-vera-producten-van-ecolife-puur-en-eerlijke-aloe-vera-voedingskwaliteit\\\/\"]}]},{\"@type\":\"ImageObject\",\"inLanguage\":\"nl-NL\",\"@id\":\"https:\\\/\\\/aloegelly.nl\\\/index.php\\\/aloe-vera-producten-van-ecolife-puur-en-eerlijke-aloe-vera-voedingskwaliteit\\\/#primaryimage\",\"url\":\"https:\\\/\\\/aloegelly.nl\\\/wp-content\\\/uploads\\\/2020\\\/10\\\/aloe-vera-gel-ecolife-plantage.jpg\",\"contentUrl\":\"https:\\\/\\\/aloegelly.nl\\\/wp-content\\\/uploads\\\/2020\\\/10\\\/aloe-vera-gel-ecolife-plantage.jpg\",\"width\":498,\"height\":326},{\"@type\":\"BreadcrumbList\",\"@id\":\"https:\\\/\\\/aloegelly.nl\\\/index.php\\\/aloe-vera-producten-van-ecolife-puur-en-eerlijke-aloe-vera-voedingskwaliteit\\\/#breadcrumb\",\"itemListElement\":[{\"@type\":\"ListItem\",\"position\":1,\"name\":\"Home\",\"item\":\"https:\\\/\\\/aloegelly.nl\\\/\"},{\"@type\":\"ListItem\",\"position\":2,\"name\":\"Aloe Vera Producten van Ecolife\"}]},{\"@type\":\"WebSite\",\"@id\":\"https:\\\/\\\/aloegelly.nl\\\/#website\",\"url\":\"https:\\\/\\\/aloegelly.nl\\\/\",\"name\":\"Aloegelly Aloe vera\",\"description\":\"Aloe vera gel - huidgel\",\"potentialAction\":[{\"@type\":\"SearchAction\",\"target\":{\"@type\":\"EntryPoint\",\"urlTemplate\":\"https:\\\/\\\/aloegelly.nl\\\/?s={search_term_string}\"},\"query-input\":{\"@type\":\"PropertyValueSpecification\",\"valueRequired\":true,\"valueName\":\"search_term_string\"}}],\"inLanguage\":\"nl-NL\"}]}<\/script>\n<!-- \/ Yoast SEO plugin. -->","yoast_head_json":{"title":"Aloe Vera Producten van Ecolife - Aloegelly Aloe vera","description":"aloe vera producten van Ecolife - puur en eerlijke alo\u00eb vera. Voedingskwaliteit. 1e koude persing van bio alo\u00eb vera. In alle producten.","robots":{"index":"index","follow":"follow","max-snippet":"max-snippet:-1","max-image-preview":"max-image-preview:large","max-video-preview":"max-video-preview:-1"},"canonical":"https:\/\/aloegelly.nl\/index.php\/aloe-vera-producten-van-ecolife-puur-en-eerlijke-aloe-vera-voedingskwaliteit\/","og_locale":"nl_NL","og_type":"article","og_title":"Aloe Vera Producten van Ecolife - Aloegelly Aloe vera","og_description":"aloe vera producten van Ecolife - puur en eerlijke alo\u00eb vera. Voedingskwaliteit. 1e koude persing van bio alo\u00eb vera. In alle producten.","og_url":"https:\/\/aloegelly.nl\/index.php\/aloe-vera-producten-van-ecolife-puur-en-eerlijke-aloe-vera-voedingskwaliteit\/","og_site_name":"Aloegelly Aloe vera","article_publisher":"https:\/\/www.facebook.com\/EcolifeLuvico","article_modified_time":"2020-10-15T10:14:38+00:00","og_image":[{"url":"https:\/\/aloegelly.nl\/wp-content\/uploads\/2020\/10\/aloe-vera-gel-ecolife-plantage.jpg","type":"","width":"","height":""}],"twitter_card":"summary_large_image","twitter_misc":{"Geschatte leestijd":"4 minuten"},"schema":{"@context":"https:\/\/schema.org","@graph":[{"@type":"WebPage","@id":"https:\/\/aloegelly.nl\/index.php\/aloe-vera-producten-van-ecolife-puur-en-eerlijke-aloe-vera-voedingskwaliteit\/","url":"https:\/\/aloegelly.nl\/index.php\/aloe-vera-producten-van-ecolife-puur-en-eerlijke-aloe-vera-voedingskwaliteit\/","name":"Aloe Vera Producten van Ecolife - Aloegelly Aloe vera","isPartOf":{"@id":"https:\/\/aloegelly.nl\/#website"},"primaryImageOfPage":{"@id":"https:\/\/aloegelly.nl\/index.php\/aloe-vera-producten-van-ecolife-puur-en-eerlijke-aloe-vera-voedingskwaliteit\/#primaryimage"},"image":{"@id":"https:\/\/aloegelly.nl\/index.php\/aloe-vera-producten-van-ecolife-puur-en-eerlijke-aloe-vera-voedingskwaliteit\/#primaryimage"},"thumbnailUrl":"https:\/\/aloegelly.nl\/wp-content\/uploads\/2020\/10\/aloe-vera-gel-ecolife-plantage.jpg","datePublished":"2020-10-15T10:14:36+00:00","dateModified":"2020-10-15T10:14:38+00:00","description":"aloe vera producten van Ecolife - puur en eerlijke alo\u00eb vera. Voedingskwaliteit. 1e koude persing van bio alo\u00eb vera. In alle producten.","breadcrumb":{"@id":"https:\/\/aloegelly.nl\/index.php\/aloe-vera-producten-van-ecolife-puur-en-eerlijke-aloe-vera-voedingskwaliteit\/#breadcrumb"},"inLanguage":"nl-NL","potentialAction":[{"@type":"ReadAction","target":["https:\/\/aloegelly.nl\/index.php\/aloe-vera-producten-van-ecolife-puur-en-eerlijke-aloe-vera-voedingskwaliteit\/"]}]},{"@type":"ImageObject","inLanguage":"nl-NL","@id":"https:\/\/aloegelly.nl\/index.php\/aloe-vera-producten-van-ecolife-puur-en-eerlijke-aloe-vera-voedingskwaliteit\/#primaryimage","url":"https:\/\/aloegelly.nl\/wp-content\/uploads\/2020\/10\/aloe-vera-gel-ecolife-plantage.jpg","contentUrl":"https:\/\/aloegelly.nl\/wp-content\/uploads\/2020\/10\/aloe-vera-gel-ecolife-plantage.jpg","width":498,"height":326},{"@type":"BreadcrumbList","@id":"https:\/\/aloegelly.nl\/index.php\/aloe-vera-producten-van-ecolife-puur-en-eerlijke-aloe-vera-voedingskwaliteit\/#breadcrumb","itemListElement":[{"@type":"ListItem","position":1,"name":"Home","item":"https:\/\/aloegelly.nl\/"},{"@type":"ListItem","position":2,"name":"Aloe Vera Producten van Ecolife"}]},{"@type":"WebSite","@id":"https:\/\/aloegelly.nl\/#website","url":"https:\/\/aloegelly.nl\/","name":"Aloegelly Aloe vera","description":"Aloe vera gel - huidgel","potentialAction":[{"@type":"SearchAction","target":{"@type":"EntryPoint","urlTemplate":"https:\/\/aloegelly.nl\/?s={search_term_string}"},"query-input":{"@type":"PropertyValueSpecification","valueRequired":true,"valueName":"search_term_string"}}],"inLanguage":"nl-NL"}]}},"_links":{"self":[{"href":"https:\/\/aloegelly.nl\/index.php\/wp-json\/wp\/v2\/pages\/30","targetHints":{"allow":["GET"]}}],"collection":[{"href":"https:\/\/aloegelly.nl\/index.php\/wp-json\/wp\/v2\/pages"}],"about":[{"href":"https:\/\/aloegelly.nl\/index.php\/wp-json\/wp\/v2\/types\/page"}],"author":[{"embeddable":true,"href":"https:\/\/aloegelly.nl\/index.php\/wp-json\/wp\/v2\/users\/1"}],"replies":[{"embeddable":true,"href":"https:\/\/aloegelly.nl\/index.php\/wp-json\/wp\/v2\/comments?post=30"}],"version-history":[{"count":1,"href":"https:\/\/aloegelly.nl\/index.php\/wp-json\/wp\/v2\/pages\/30\/revisions"}],"predecessor-version":[{"id":37,"href":"https:\/\/aloegelly.nl\/index.php\/wp-json\/wp\/v2\/pages\/30\/revisions\/37"}],"wp:attachment":[{"href":"https:\/\/aloegelly.nl\/index.php\/wp-json\/wp\/v2\/media?parent=30"}],"curies":[{"name":"wp","href":"https:\/\/api.w.org\/{rel}","templated":true}]}}